{"id":1518,"date":"2025-03-21T16:57:43","date_gmt":"2025-03-21T15:57:43","guid":{"rendered":"https:\/\/fiscalrep.hu\/?page_id=1518"},"modified":"2025-05-27T21:12:12","modified_gmt":"2025-05-27T19:12:12","slug":"disclaimer","status":"publish","type":"page","link":"https:\/\/fiscalrep.hu\/hu\/disclaimer\/","title":{"rendered":"Jogi nyilatkozat"},"content":{"rendered":"<p>A weblapunkon szerepl\u0151 sz\u00f6vegek, grafik\u00e1k, fot\u00f3k, audio- vagy videoanyagok, valamint ezek elrendez\u00e9se a szerz\u0151i jogv\u00e9delem \u00e9s m\u00e1s jogszab\u00e1lyok v\u00e9delme alatt \u00e1llnak. A WTS FRS Kft. fenntart minden, a lap b\u00e1rmely r\u00e9sz\u00e9nek b\u00e1rmilyen m\u00f3dszerrel, technik\u00e1val t\u00f6rt\u00e9n\u0151 m\u00e1sol\u00e1s\u00e1val \u00e9s terjeszt\u00e9s\u00e9vel kapcsolatos jogot.<\/p>\n\n\n\n<p>A WTS FRS Kft. el\u0151zetes \u00edr\u00e1sos hozz\u00e1j\u00e1rul\u00e1sa n\u00e9lk\u00fcl tilos a lap eg\u00e9sz\u00e9nek vagy r\u00e9szeinek (sz\u00f6veg, grafika, fot\u00f3, audio- vagy videoanyag, adatszerkezet, strukt\u00fara, elj\u00e1r\u00e1s, program stb.) feldolgoz\u00e1sa \u00e9s \u00e9rt\u00e9kes\u00edt\u00e9se. A lap tartalm\u00e1nak egyes r\u00e9szeit \u2013 kiz\u00e1r\u00f3lag saj\u00e1t felhaszn\u00e1l\u00e1s c\u00e9lj\u00e1b\u00f3l \u2013 merevlemez\u00e9re mentheti vagy kinyomtathatja, de ebben az esetben sem jogosult a lap \u00edgy t\u00f6bbsz\u00f6r\u00f6z\u00f6tt r\u00e9sz\u00e9nek tov\u00e1bbi felhaszn\u00e1l\u00e1s\u00e1ra, terjeszt\u00e9s\u00e9re, nyilv\u00e1nos vagy z\u00e1rt adatb\u00e1zisban t\u00f6rt\u00e9n\u0151 t\u00e1rol\u00e1s\u00e1ra, let\u00f6lthet\u0151v\u00e9 t\u00e9tel\u00e9re, kereskedelmi forgalomba hozatal\u00e1ra.<\/p>\n\n\n\n<p>A wtsklient.hu vagy a fiscalrep.hu port\u00e1lr\u00f3l szerzett \u00e9rtes\u00fcl\u00e9seket \u00e1tvenni csak a lapra val\u00f3 hivatkoz\u00e1ssal lehet, azzal a felt\u00e9tellel, hogy az \u00e1tvev\u0151<\/p>\n\n\n\n<p>a) nem m\u00f3dos\u00edtja az eredeti inform\u00e1ci\u00f3t,<br>b) a lapra utal\u00f3 egy\u00e9rtelm\u0171 hivatkoz\u00e1st minden k\u00f6zl\u00e9sn\u00e9l felt\u00fcnteti.<\/p>","protected":false},"excerpt":{"rendered":"<p>The texts, graphics, photos, audio and video materials on our website as well as their arrangement are copyrighted and protected by other legal regulations. WTS FRS Ltd. reserves the rights to any copying and distribution of any part of the website using any method or technique. Without the prior written consent of WTS FRS it&#8230;<\/p>","protected":false},"author":1,"featured_media":0,"parent":0,"menu_order":0,"comment_status":"closed","ping_status":"closed","template":"","meta":{"_acf_changed":false,"_kad_post_transparent":"","_kad_post_title":"","_kad_post_layout":"","_kad_post_sidebar_id":"","_kad_post_content_style":"","_kad_post_vertical_padding":"","_kad_post_feature":"","_kad_post_feature_position":"","_kad_post_header":false,"_kad_post_footer":false,"_kad_post_classname":"","footnotes":""},"class_list":["post-1518","page","type-page","status-publish","hentry"],"acf":[],"yoast_head":"<!-- This site is optimized with the Yoast SEO Premium plugin v25.6 (Yoast SEO v27.5) - https:\/\/yoast.com\/product\/yoast-seo-premium-wordpress\/ -->\n<title>Disclaimer - WTS Fiscalrep<\/title>\n<meta name=\"robots\" content=\"index, follow, max-snippet:-1, max-image-preview:large, max-video-preview:-1\" \/>\n<link rel=\"canonical\" href=\"https:\/\/fiscalrep.hu\/hu\/disclaimer\/\" \/>\n<meta property=\"og:locale\" content=\"hu_HU\" \/>\n<meta property=\"og:type\" content=\"article\" \/>\n<meta property=\"og:title\" content=\"Disclaimer\" \/>\n<meta property=\"og:description\" content=\"The texts, graphics, photos, audio and video materials on our website as well as their arrangement are copyrighted and protected by other legal regulations. WTS FRS Ltd. reserves the rights to any copying and distribution of any part of the website using any method or technique. Without the prior written consent of WTS FRS it...\" \/>\n<meta property=\"og:url\" content=\"https:\/\/fiscalrep.hu\/hu\/disclaimer\/\" \/>\n<meta property=\"og:site_name\" content=\"WTS Fiscalrep\" \/>\n<meta property=\"article:modified_time\" content=\"2025-05-27T19:12:12+00:00\" \/>\n<meta name=\"twitter:card\" content=\"summary_large_image\" \/>\n<meta name=\"twitter:label1\" content=\"Becs\u00fclt olvas\u00e1si id\u0151\" \/>\n\t<meta name=\"twitter:data1\" content=\"1 perc\" \/>\n<script type=\"application\/ld+json\" class=\"yoast-schema-graph\">{\"@context\":\"https:\\\/\\\/schema.org\",\"@graph\":[{\"@type\":\"WebPage\",\"@id\":\"https:\\\/\\\/fiscalrep.hu\\\/disclaimer\\\/\",\"url\":\"https:\\\/\\\/fiscalrep.hu\\\/disclaimer\\\/\",\"name\":\"Disclaimer - WTS Fiscalrep\",\"isPartOf\":{\"@id\":\"https:\\\/\\\/fiscalrep.hu\\\/#website\"},\"datePublished\":\"2025-03-21T15:57:43+00:00\",\"dateModified\":\"2025-05-27T19:12:12+00:00\",\"breadcrumb\":{\"@id\":\"https:\\\/\\\/fiscalrep.hu\\\/disclaimer\\\/#breadcrumb\"},\"inLanguage\":\"hu\",\"potentialAction\":[{\"@type\":\"ReadAction\",\"target\":[\"https:\\\/\\\/fiscalrep.hu\\\/disclaimer\\\/\"]}]},{\"@type\":\"BreadcrumbList\",\"@id\":\"https:\\\/\\\/fiscalrep.hu\\\/disclaimer\\\/#breadcrumb\",\"itemListElement\":[{\"@type\":\"ListItem\",\"position\":1,\"name\":\"Home\",\"item\":\"https:\\\/\\\/fiscalrep.hu\\\/\"},{\"@type\":\"ListItem\",\"position\":2,\"name\":\"Disclaimer\"}]},{\"@type\":\"WebSite\",\"@id\":\"https:\\\/\\\/fiscalrep.hu\\\/#website\",\"url\":\"https:\\\/\\\/fiscalrep.hu\\\/\",\"name\":\"WTS Fiscalrep\",\"description\":\"\",\"publisher\":{\"@id\":\"https:\\\/\\\/fiscalrep.hu\\\/#organization\"},\"potentialAction\":[{\"@type\":\"SearchAction\",\"target\":{\"@type\":\"EntryPoint\",\"urlTemplate\":\"https:\\\/\\\/fiscalrep.hu\\\/?s={search_term_string}\"},\"query-input\":{\"@type\":\"PropertyValueSpecification\",\"valueRequired\":true,\"valueName\":\"search_term_string\"}}],\"inLanguage\":\"hu\"},{\"@type\":\"Organization\",\"@id\":\"https:\\\/\\\/fiscalrep.hu\\\/#organization\",\"name\":\"WTS Fiscalrep\",\"url\":\"https:\\\/\\\/fiscalrep.hu\\\/\",\"logo\":{\"@type\":\"ImageObject\",\"inLanguage\":\"hu\",\"@id\":\"https:\\\/\\\/fiscalrep.hu\\\/#\\\/schema\\\/logo\\\/image\\\/\",\"url\":\"https:\\\/\\\/fiscalrep.hu\\\/wp-content\\\/uploads\\\/2025\\\/03\\\/wts-red.png\",\"contentUrl\":\"https:\\\/\\\/fiscalrep.hu\\\/wp-content\\\/uploads\\\/2025\\\/03\\\/wts-red.png\",\"width\":500,\"height\":237,\"caption\":\"WTS Fiscalrep\"},\"image\":{\"@id\":\"https:\\\/\\\/fiscalrep.hu\\\/#\\\/schema\\\/logo\\\/image\\\/\"}}]}<\/script>\n<!-- \/ Yoast SEO Premium plugin. -->","yoast_head_json":{"title":"Disclaimer - WTS Fiscalrep","robots":{"index":"index","follow":"follow","max-snippet":"max-snippet:-1","max-image-preview":"max-image-preview:large","max-video-preview":"max-video-preview:-1"},"canonical":"https:\/\/fiscalrep.hu\/hu\/disclaimer\/","og_locale":"hu_HU","og_type":"article","og_title":"Disclaimer","og_description":"The texts, graphics, photos, audio and video materials on our website as well as their arrangement are copyrighted and protected by other legal regulations. WTS FRS Ltd. reserves the rights to any copying and distribution of any part of the website using any method or technique. Without the prior written consent of WTS FRS it...","og_url":"https:\/\/fiscalrep.hu\/hu\/disclaimer\/","og_site_name":"WTS Fiscalrep","article_modified_time":"2025-05-27T19:12:12+00:00","twitter_card":"summary_large_image","twitter_misc":{"Becs\u00fclt olvas\u00e1si id\u0151":"1 perc"},"schema":{"@context":"https:\/\/schema.org","@graph":[{"@type":"WebPage","@id":"https:\/\/fiscalrep.hu\/disclaimer\/","url":"https:\/\/fiscalrep.hu\/disclaimer\/","name":"Disclaimer - WTS Fiscalrep","isPartOf":{"@id":"https:\/\/fiscalrep.hu\/#website"},"datePublished":"2025-03-21T15:57:43+00:00","dateModified":"2025-05-27T19:12:12+00:00","breadcrumb":{"@id":"https:\/\/fiscalrep.hu\/disclaimer\/#breadcrumb"},"inLanguage":"hu","potentialAction":[{"@type":"ReadAction","target":["https:\/\/fiscalrep.hu\/disclaimer\/"]}]},{"@type":"BreadcrumbList","@id":"https:\/\/fiscalrep.hu\/disclaimer\/#breadcrumb","itemListElement":[{"@type":"ListItem","position":1,"name":"Home","item":"https:\/\/fiscalrep.hu\/"},{"@type":"ListItem","position":2,"name":"Disclaimer"}]},{"@type":"WebSite","@id":"https:\/\/fiscalrep.hu\/#website","url":"https:\/\/fiscalrep.hu\/","name":"WTS Fiscalrep","description":"","publisher":{"@id":"https:\/\/fiscalrep.hu\/#organization"},"potentialAction":[{"@type":"SearchAction","target":{"@type":"EntryPoint","urlTemplate":"https:\/\/fiscalrep.hu\/?s={search_term_string}"},"query-input":{"@type":"PropertyValueSpecification","valueRequired":true,"valueName":"search_term_string"}}],"inLanguage":"hu"},{"@type":"Organization","@id":"https:\/\/fiscalrep.hu\/#organization","name":"WTS Fiscalrep","url":"https:\/\/fiscalrep.hu\/","logo":{"@type":"ImageObject","inLanguage":"hu","@id":"https:\/\/fiscalrep.hu\/#\/schema\/logo\/image\/","url":"https:\/\/fiscalrep.hu\/wp-content\/uploads\/2025\/03\/wts-red.png","contentUrl":"https:\/\/fiscalrep.hu\/wp-content\/uploads\/2025\/03\/wts-red.png","width":500,"height":237,"caption":"WTS Fiscalrep"},"image":{"@id":"https:\/\/fiscalrep.hu\/#\/schema\/logo\/image\/"}}]}},"_links":{"self":[{"href":"https:\/\/fiscalrep.hu\/hu\/wp-json\/wp\/v2\/pages\/1518","targetHints":{"allow":["GET"]}}],"collection":[{"href":"https:\/\/fiscalrep.hu\/hu\/wp-json\/wp\/v2\/pages"}],"about":[{"href":"https:\/\/fiscalrep.hu\/hu\/wp-json\/wp\/v2\/types\/page"}],"author":[{"embeddable":true,"href":"https:\/\/fiscalrep.hu\/hu\/wp-json\/wp\/v2\/users\/1"}],"replies":[{"embeddable":true,"href":"https:\/\/fiscalrep.hu\/hu\/wp-json\/wp\/v2\/comments?post=1518"}],"version-history":[{"count":3,"href":"https:\/\/fiscalrep.hu\/hu\/wp-json\/wp\/v2\/pages\/1518\/revisions"}],"predecessor-version":[{"id":1700,"href":"https:\/\/fiscalrep.hu\/hu\/wp-json\/wp\/v2\/pages\/1518\/revisions\/1700"}],"wp:attachment":[{"href":"https:\/\/fiscalrep.hu\/hu\/wp-json\/wp\/v2\/media?parent=1518"}],"curies":[{"name":"wp","href":"https:\/\/api.w.org\/{rel}","templated":true}]}}