{"id":1518,"date":"2025-03-21T16:57:43","date_gmt":"2025-03-21T15:57:43","guid":{"rendered":"https:\/\/fiscalrep.hu\/?page_id=1518"},"modified":"2025-05-27T21:12:12","modified_gmt":"2025-05-27T19:12:12","slug":"disclaimer","status":"publish","type":"page","link":"https:\/\/fiscalrep.hu\/de\/disclaimer\/","title":{"rendered":"Disclaimer"},"content":{"rendered":"<p>Die Texte, Grafiken, Fotos, Audio- und Videomaterialien auf unserer Homepage sowie deren Anordnung sind urheberrechtlich und durch andere Rechtsregelungen gesch\u00fctzt. WTS FRS GmbH beh\u00e4lt sich alle Rechte im Zusammenhang mit jeder Art der Kopie oder Verbreitung der Homepage oder einzelner Teile davon vor.<\/p>\n\n\n\n<p>Ohne die vorherige schriftliche Genehmigung von WTS FRS GmbH sind die Bearbeitung und Ver\u00e4u\u00dferung der Homepage oder ihrer Bestandteile (Texte, Grafiken, Fotos, Audio- oder Videomaterial, Datenaufbau, Struktur, Prozesse oder Programme usw.) nicht gestattet. Einzelne Elemente des Seiteninhalts d\u00fcrfen \u2013 ausschlie\u00dflich zur eigenen Verwendung \u2013 auf Festplatte gespeichert und ausgedruckt werden, aber auch in diesem Fall ist es nicht erlaubt, die auf diese Weise vervielfachten Teile der Homepage weiter zu verwenden, zu verbreiten, in \u00f6ffentlichen oder privaten Datenbest\u00e4nden zu speichern, in den Handelsumlauf zu bringen oder Downloads davon zu erm\u00f6glichen.<\/p>\n\n\n\n<p>Die Informationen des Portals wtsklient.hu oder fiscalrep.hu d\u00fcrfen nur mit Referenz zur Homepage \u00fcbernommen werden, unter der Bedingung, dass dabei<\/p>\n\n\n\n<p>a) die urspr\u00fcnglichen Informationen nicht ge\u00e4ndert werden und<br>b) bei jeder Weitergabe eindeutig auf die Homepage Bezug genommen wird.<\/p>","protected":false},"excerpt":{"rendered":"<p>The texts, graphics, photos, audio and video materials on our website as well as their arrangement are copyrighted and protected by other legal regulations. WTS FRS Ltd. reserves the rights to any copying and distribution of any part of the website using any method or technique. Without the prior written consent of WTS FRS it&#8230;<\/p>","protected":false},"author":1,"featured_media":0,"parent":0,"menu_order":0,"comment_status":"closed","ping_status":"closed","template":"","meta":{"_acf_changed":false,"_kad_post_transparent":"","_kad_post_title":"","_kad_post_layout":"","_kad_post_sidebar_id":"","_kad_post_content_style":"","_kad_post_vertical_padding":"","_kad_post_feature":"","_kad_post_feature_position":"","_kad_post_header":false,"_kad_post_footer":false,"_kad_post_classname":"","footnotes":""},"class_list":["post-1518","page","type-page","status-publish","hentry"],"acf":[],"yoast_head":"<!-- This site is optimized with the Yoast SEO Premium plugin v25.6 (Yoast SEO v27.5) - https:\/\/yoast.com\/product\/yoast-seo-premium-wordpress\/ -->\n<title>Disclaimer - WTS Fiscalrep<\/title>\n<meta name=\"robots\" content=\"index, follow, max-snippet:-1, max-image-preview:large, max-video-preview:-1\" \/>\n<link rel=\"canonical\" href=\"https:\/\/fiscalrep.hu\/de\/disclaimer\/\" \/>\n<meta property=\"og:locale\" content=\"de_DE\" \/>\n<meta property=\"og:type\" content=\"article\" \/>\n<meta property=\"og:title\" content=\"Disclaimer\" \/>\n<meta property=\"og:description\" content=\"The texts, graphics, photos, audio and video materials on our website as well as their arrangement are copyrighted and protected by other legal regulations. WTS FRS Ltd. reserves the rights to any copying and distribution of any part of the website using any method or technique. Without the prior written consent of WTS FRS it...\" \/>\n<meta property=\"og:url\" content=\"https:\/\/fiscalrep.hu\/de\/disclaimer\/\" \/>\n<meta property=\"og:site_name\" content=\"WTS Fiscalrep\" \/>\n<meta property=\"article:modified_time\" content=\"2025-05-27T19:12:12+00:00\" \/>\n<meta name=\"twitter:card\" content=\"summary_large_image\" \/>\n<meta name=\"twitter:label1\" content=\"Gesch\u00e4tzte Lesezeit\" \/>\n\t<meta name=\"twitter:data1\" content=\"1\u00a0Minute\" \/>\n<script type=\"application\/ld+json\" class=\"yoast-schema-graph\">{\"@context\":\"https:\\\/\\\/schema.org\",\"@graph\":[{\"@type\":\"WebPage\",\"@id\":\"https:\\\/\\\/fiscalrep.hu\\\/disclaimer\\\/\",\"url\":\"https:\\\/\\\/fiscalrep.hu\\\/disclaimer\\\/\",\"name\":\"Disclaimer - WTS Fiscalrep\",\"isPartOf\":{\"@id\":\"https:\\\/\\\/fiscalrep.hu\\\/#website\"},\"datePublished\":\"2025-03-21T15:57:43+00:00\",\"dateModified\":\"2025-05-27T19:12:12+00:00\",\"breadcrumb\":{\"@id\":\"https:\\\/\\\/fiscalrep.hu\\\/disclaimer\\\/#breadcrumb\"},\"inLanguage\":\"de\",\"potentialAction\":[{\"@type\":\"ReadAction\",\"target\":[\"https:\\\/\\\/fiscalrep.hu\\\/disclaimer\\\/\"]}]},{\"@type\":\"BreadcrumbList\",\"@id\":\"https:\\\/\\\/fiscalrep.hu\\\/disclaimer\\\/#breadcrumb\",\"itemListElement\":[{\"@type\":\"ListItem\",\"position\":1,\"name\":\"Home\",\"item\":\"https:\\\/\\\/fiscalrep.hu\\\/\"},{\"@type\":\"ListItem\",\"position\":2,\"name\":\"Disclaimer\"}]},{\"@type\":\"WebSite\",\"@id\":\"https:\\\/\\\/fiscalrep.hu\\\/#website\",\"url\":\"https:\\\/\\\/fiscalrep.hu\\\/\",\"name\":\"WTS Fiscalrep\",\"description\":\"\",\"publisher\":{\"@id\":\"https:\\\/\\\/fiscalrep.hu\\\/#organization\"},\"potentialAction\":[{\"@type\":\"SearchAction\",\"target\":{\"@type\":\"EntryPoint\",\"urlTemplate\":\"https:\\\/\\\/fiscalrep.hu\\\/?s={search_term_string}\"},\"query-input\":{\"@type\":\"PropertyValueSpecification\",\"valueRequired\":true,\"valueName\":\"search_term_string\"}}],\"inLanguage\":\"de\"},{\"@type\":\"Organization\",\"@id\":\"https:\\\/\\\/fiscalrep.hu\\\/#organization\",\"name\":\"WTS Fiscalrep\",\"url\":\"https:\\\/\\\/fiscalrep.hu\\\/\",\"logo\":{\"@type\":\"ImageObject\",\"inLanguage\":\"de\",\"@id\":\"https:\\\/\\\/fiscalrep.hu\\\/#\\\/schema\\\/logo\\\/image\\\/\",\"url\":\"https:\\\/\\\/fiscalrep.hu\\\/wp-content\\\/uploads\\\/2025\\\/03\\\/wts-red.png\",\"contentUrl\":\"https:\\\/\\\/fiscalrep.hu\\\/wp-content\\\/uploads\\\/2025\\\/03\\\/wts-red.png\",\"width\":500,\"height\":237,\"caption\":\"WTS Fiscalrep\"},\"image\":{\"@id\":\"https:\\\/\\\/fiscalrep.hu\\\/#\\\/schema\\\/logo\\\/image\\\/\"}}]}<\/script>\n<!-- \/ Yoast SEO Premium plugin. -->","yoast_head_json":{"title":"Disclaimer - WTS Fiscalrep","robots":{"index":"index","follow":"follow","max-snippet":"max-snippet:-1","max-image-preview":"max-image-preview:large","max-video-preview":"max-video-preview:-1"},"canonical":"https:\/\/fiscalrep.hu\/de\/disclaimer\/","og_locale":"de_DE","og_type":"article","og_title":"Disclaimer","og_description":"The texts, graphics, photos, audio and video materials on our website as well as their arrangement are copyrighted and protected by other legal regulations. WTS FRS Ltd. reserves the rights to any copying and distribution of any part of the website using any method or technique. Without the prior written consent of WTS FRS it...","og_url":"https:\/\/fiscalrep.hu\/de\/disclaimer\/","og_site_name":"WTS Fiscalrep","article_modified_time":"2025-05-27T19:12:12+00:00","twitter_card":"summary_large_image","twitter_misc":{"Gesch\u00e4tzte Lesezeit":"1\u00a0Minute"},"schema":{"@context":"https:\/\/schema.org","@graph":[{"@type":"WebPage","@id":"https:\/\/fiscalrep.hu\/disclaimer\/","url":"https:\/\/fiscalrep.hu\/disclaimer\/","name":"Disclaimer - WTS Fiscalrep","isPartOf":{"@id":"https:\/\/fiscalrep.hu\/#website"},"datePublished":"2025-03-21T15:57:43+00:00","dateModified":"2025-05-27T19:12:12+00:00","breadcrumb":{"@id":"https:\/\/fiscalrep.hu\/disclaimer\/#breadcrumb"},"inLanguage":"de","potentialAction":[{"@type":"ReadAction","target":["https:\/\/fiscalrep.hu\/disclaimer\/"]}]},{"@type":"BreadcrumbList","@id":"https:\/\/fiscalrep.hu\/disclaimer\/#breadcrumb","itemListElement":[{"@type":"ListItem","position":1,"name":"Home","item":"https:\/\/fiscalrep.hu\/"},{"@type":"ListItem","position":2,"name":"Disclaimer"}]},{"@type":"WebSite","@id":"https:\/\/fiscalrep.hu\/#website","url":"https:\/\/fiscalrep.hu\/","name":"WTS Fiscalrep","description":"","publisher":{"@id":"https:\/\/fiscalrep.hu\/#organization"},"potentialAction":[{"@type":"SearchAction","target":{"@type":"EntryPoint","urlTemplate":"https:\/\/fiscalrep.hu\/?s={search_term_string}"},"query-input":{"@type":"PropertyValueSpecification","valueRequired":true,"valueName":"search_term_string"}}],"inLanguage":"de"},{"@type":"Organization","@id":"https:\/\/fiscalrep.hu\/#organization","name":"WTS Fiscalrep","url":"https:\/\/fiscalrep.hu\/","logo":{"@type":"ImageObject","inLanguage":"de","@id":"https:\/\/fiscalrep.hu\/#\/schema\/logo\/image\/","url":"https:\/\/fiscalrep.hu\/wp-content\/uploads\/2025\/03\/wts-red.png","contentUrl":"https:\/\/fiscalrep.hu\/wp-content\/uploads\/2025\/03\/wts-red.png","width":500,"height":237,"caption":"WTS Fiscalrep"},"image":{"@id":"https:\/\/fiscalrep.hu\/#\/schema\/logo\/image\/"}}]}},"_links":{"self":[{"href":"https:\/\/fiscalrep.hu\/de\/wp-json\/wp\/v2\/pages\/1518","targetHints":{"allow":["GET"]}}],"collection":[{"href":"https:\/\/fiscalrep.hu\/de\/wp-json\/wp\/v2\/pages"}],"about":[{"href":"https:\/\/fiscalrep.hu\/de\/wp-json\/wp\/v2\/types\/page"}],"author":[{"embeddable":true,"href":"https:\/\/fiscalrep.hu\/de\/wp-json\/wp\/v2\/users\/1"}],"replies":[{"embeddable":true,"href":"https:\/\/fiscalrep.hu\/de\/wp-json\/wp\/v2\/comments?post=1518"}],"version-history":[{"count":3,"href":"https:\/\/fiscalrep.hu\/de\/wp-json\/wp\/v2\/pages\/1518\/revisions"}],"predecessor-version":[{"id":1700,"href":"https:\/\/fiscalrep.hu\/de\/wp-json\/wp\/v2\/pages\/1518\/revisions\/1700"}],"wp:attachment":[{"href":"https:\/\/fiscalrep.hu\/de\/wp-json\/wp\/v2\/media?parent=1518"}],"curies":[{"name":"wp","href":"https:\/\/api.w.org\/{rel}","templated":true}]}}